{"id":592,"date":"2023-08-10T10:16:41","date_gmt":"2023-08-10T08:16:41","guid":{"rendered":"https:\/\/franckfitrzyk.com\/?page_id=592"},"modified":"2025-11-04T19:41:34","modified_gmt":"2025-11-04T18:41:34","slug":"consulting","status":"publish","type":"page","link":"https:\/\/franckfitrzyk.com\/index.php\/consulting\/","title":{"rendered":"tyty"},"content":{"rendered":"\r\n<div class=\"wp-block-group alignfull\"><div class=\"wp-block-group__inner-container is-layout-constrained wp-block-group-is-layout-constrained\">\r\n<div class=\"wp-block-group alignfull\" style=\"padding: var(--wp--preset--spacing--50);\"><div class=\"wp-block-group__inner-container is-layout-constrained wp-container-core-group-is-layout-f4d13f5d wp-block-group-is-layout-constrained\">\r\n<figure class=\"wp-block-image alignwide size-full is-style-rounded\"><img loading=\"lazy\" decoding=\"async\" width=\"1500\" height=\"703\" class=\"wp-image-746\" src=\"https:\/\/franckfitrzyk.com\/wp-content\/uploads\/2025\/11\/image.webp\" alt=\"\" srcset=\"https:\/\/franckfitrzyk.com\/wp-content\/uploads\/2025\/11\/image.webp 1500w, https:\/\/franckfitrzyk.com\/wp-content\/uploads\/2025\/11\/image-300x141.webp 300w, https:\/\/franckfitrzyk.com\/wp-content\/uploads\/2025\/11\/image-1024x480.webp 1024w, https:\/\/franckfitrzyk.com\/wp-content\/uploads\/2025\/11\/image-768x360.webp 768w\" sizes=\"auto, (max-width: 1500px) 100vw, 1500px\" \/><\/figure>\r\n\r\n\r\n\r\n<div class=\"wp-block-group\"><div class=\"wp-block-group__inner-container is-layout-constrained wp-container-core-group-is-layout-04692c70 wp-block-group-is-layout-constrained\">\r\n<h1 class=\"wp-block-heading has-text-align-center has-x-large-font-size\">Un engagement en faveur de l\u2019innovation et de la durabilit\u00e9<\/h1>\r\n\r\n\r\n\r\n<div class=\"wp-block-spacer\" style=\"height: 1.25rem;\" aria-hidden=\"true\">\u00a0<\/div>\r\n\r\n\r\n\r\n<p class=\"has-text-align-center\">\u00c9tudes est un cabinet pionnier qui fusionne harmonieusement la cr\u00e9ativit\u00e9 et la fonctionnalit\u00e9 pour red\u00e9finir l\u2019excellence architecturale.<\/p>\r\n\r\n\r\n\r\n<div class=\"wp-block-spacer\" style=\"height: 1.25rem;\" aria-hidden=\"true\">\u00a0<\/div>\r\n\r\n\r\n\r\n<div class=\"wp-block-buttons is-content-justification-center is-layout-flex wp-container-core-buttons-is-layout-16018d1d wp-block-buttons-is-layout-flex\">\r\n<div class=\"wp-block-button\"><a class=\"wp-block-button__link wp-element-button\" style=\"background-color: #e8902d; color: #ffffff; border: none; border-radius: 6px; padding: 10px 28px; font-weight: 600; text-decoration: none; display: inline-block; transition: all 0.25s ease-in-out;\" href=\"#\"> Book A Consultation <\/a><\/div>\r\n<\/div>\r\n\r\n\r\n\r\n<div class=\"wp-block-spacer\" style=\"height: var(--wp--preset--spacing--30);\" aria-hidden=\"true\">\u00a0<\/div>\r\n<\/div><\/div>\r\n\r\n\r\n\r\n<div class=\"wp-block-group alignfull has-base-2-background-color has-background\" style=\"margin-top: 0; margin-bottom: 0; padding: var(--wp--preset--spacing--50);\"><div class=\"wp-block-group__inner-container is-layout-constrained wp-container-core-group-is-layout-2bafd31c wp-block-group-is-layout-constrained\">\r\n<div class=\"wp-block-group is-vertical is-content-justification-center is-layout-flex wp-container-core-group-is-layout-7681721f wp-block-group-is-layout-flex\">\r\n<h2 class=\"wp-block-heading has-text-align-center is-style-asterisk\">Une passion pour la cr\u00e9ation d\u2019espaces<\/h2>\r\n\r\n\r\n\r\n<div class=\"wp-block-spacer wp-container-content-4f2ccadb\" style=\"height: 0px;\" aria-hidden=\"true\">\u00a0<\/div>\r\n\r\n\r\n\r\n<p class=\"has-text-align-center\">Notre gamme compl\u00e8te de services professionnels s\u2019adresse \u00e0 une client\u00e8le diversifi\u00e9e, allant des propri\u00e9taires aux promotrices ou promoteurs commerciaux.<\/p>\r\n<\/div>\r\n\r\n\r\n\r\n<div class=\"wp-block-spacer\" style=\"margin-top: 0; margin-bottom: 0; height: var(--wp--preset--spacing--40);\" aria-hidden=\"true\">\u00a0<\/div>\r\n\r\n\r\n\r\n<div class=\"wp-block-columns alignwide is-layout-flex wp-container-core-columns-is-layout-2aabe216 wp-block-columns-is-layout-flex\">\r\n<div class=\"wp-block-column is-layout-flow wp-block-column-is-layout-flow\">\r\n<h3 class=\"wp-block-heading has-text-align-left is-style-asterisk has-body-font-family has-medium-font-size\" style=\"font-style: normal; font-weight: 600;\">R\u00e9novation et restauration<\/h3>\r\n\r\n\r\n\r\n<p class=\"has-text-align-left\">D\u00e9couvrez la fusion de l\u2019imagination et de l\u2019expertise avec \u00c9tudes Architectural Solutions.<\/p>\r\n<\/div>\r\n\r\n\r\n\r\n<div class=\"wp-block-column is-layout-flow wp-block-column-is-layout-flow\">\r\n<h3 class=\"wp-block-heading has-text-align-left is-style-asterisk has-body-font-family has-medium-font-size\" style=\"font-style: normal; font-weight: 600;\">Support continu<\/h3>\r\n\r\n\r\n\r\n<p class=\"has-text-align-left\">D\u00e9couvrez la fusion de l\u2019imagination et de l\u2019expertise avec \u00c9tudes Architectural Solutions.<\/p>\r\n<\/div>\r\n\r\n\r\n\r\n<div class=\"wp-block-column is-layout-flow wp-block-column-is-layout-flow\">\r\n<h3 class=\"wp-block-heading has-text-align-left is-style-asterisk has-body-font-family has-medium-font-size\" style=\"font-style: normal; font-weight: 600;\">Acc\u00e8s \u00e0 l\u2018application<\/h3>\r\n\r\n\r\n\r\n<p class=\"has-text-align-left\">D\u00e9couvrez la fusion de l\u2019imagination et de l\u2019expertise avec \u00c9tudes Architectural Solutions.<\/p>\r\n<\/div>\r\n<\/div>\r\n\r\n\r\n\r\n<div class=\"wp-block-spacer\" style=\"height: var(--wp--preset--spacing--20);\" aria-hidden=\"true\">\u00a0<\/div>\r\n\r\n\r\n\r\n<div class=\"wp-block-columns alignwide is-layout-flex wp-container-core-columns-is-layout-2aabe216 wp-block-columns-is-layout-flex\">\r\n<div class=\"wp-block-column is-layout-flow wp-block-column-is-layout-flow\">\r\n<h3 class=\"wp-block-heading has-text-align-left is-style-asterisk has-body-font-family has-medium-font-size\" style=\"font-style: normal; font-weight: 600;\">Conseil<\/h3>\r\n\r\n\r\n\r\n<p class=\"has-text-align-left\">D\u00e9couvrez la fusion de l\u2019imagination et de l\u2019expertise avec \u00c9tudes Architectural Solutions.<\/p>\r\n<\/div>\r\n\r\n\r\n\r\n<div class=\"wp-block-column is-layout-flow wp-block-column-is-layout-flow\">\r\n<h3 class=\"wp-block-heading has-text-align-left is-style-asterisk has-body-font-family has-medium-font-size\" style=\"font-style: normal; font-weight: 600;\">Gestion de projet<\/h3>\r\n\r\n\r\n\r\n<p class=\"has-text-align-left\">D\u00e9couvrez la fusion de l\u2019imagination et de l\u2019expertise avec \u00c9tudes Architectural Solutions.<\/p>\r\n<\/div>\r\n\r\n\r\n\r\n<div class=\"wp-block-column is-layout-flow wp-block-column-is-layout-flow\">\r\n<h3 class=\"wp-block-heading has-text-align-left is-style-asterisk has-body-font-family has-medium-font-size\" style=\"font-style: normal; font-weight: 600;\">Architectural Solutions<\/h3>\r\n\r\n\r\n\r\n<p class=\"has-text-align-left\">Vivez l\u2019exp\u00e9rience de la fusion entre l\u2019imagination et l\u2019expertise avec \u00c9tudes Architectural Solutions.<\/p>\r\n<\/div>\r\n<\/div>\r\n<\/div><\/div>\r\n\r\n\r\n\r\n<div class=\"wp-block-group alignfull\" style=\"margin-top: 0; margin-bottom: 0; padding: var(--wp--preset--spacing--50);\"><div class=\"wp-block-group__inner-container is-layout-constrained wp-container-core-group-is-layout-9cf8f26d wp-block-group-is-layout-constrained\">\r\n<div class=\"wp-block-group alignwide\"><div class=\"wp-block-group__inner-container is-layout-constrained wp-block-group-is-layout-constrained\">\r\n<div class=\"wp-block-group is-vertical is-content-justification-center is-layout-flex wp-container-core-group-is-layout-a170cc76 wp-block-group-is-layout-flex\">\r\n<h2 class=\"wp-block-heading has-text-align-center is-style-asterisk\">Un tableau de ressources<\/h2>\r\n\r\n\r\n\r\n<p class=\"has-text-align-center\">Notre suite compl\u00e8te de services professionnels s\u2019adresse \u00e0 une client\u00e8le diversifi\u00e9e, allant des propri\u00e9taires au d\u00e9veloppeurs commerciaux.<\/p>\r\n<\/div>\r\n\r\n\r\n\r\n<div class=\"wp-block-spacer\" style=\"height: var(--wp--preset--spacing--40);\" aria-hidden=\"true\">\u00a0<\/div>\r\n\r\n\r\n\r\n<div class=\"wp-block-columns alignwide is-layout-flex wp-container-core-columns-is-layout-b1b80ead wp-block-columns-is-layout-flex\">\r\n<div class=\"wp-block-column is-vertically-aligned-center is-layout-flow wp-block-column-is-layout-flow\" style=\"flex-basis: 40%;\">\r\n<h3 class=\"wp-block-heading is-style-asterisk\">Application \u00c9tudes Architect<\/h3>\r\n\r\n\r\n\r\n<ul class=\"wp-block-list is-style-checkmark-list\" style=\"line-height: 1.75;\">\r\n<li>Collaborez avec d\u2019autres architectes.<\/li>\r\n\r\n\r\n\r\n<li>Pr\u00e9sentez vos projets.<\/li>\r\n\r\n\r\n\r\n<li>D\u00e9couvrez le monde de l\u2019architecture.<\/li>\r\n<\/ul>\r\n<\/div>\r\n\r\n\r\n\r\n<div class=\"wp-block-column is-layout-flow wp-block-column-is-layout-flow\" style=\"flex-basis: 50%;\">\r\n<figure class=\"wp-block-image size-large is-style-rounded\"><img decoding=\"async\" src=\"https:\/\/franckfitrzyk.com\/wp-content\/themes\/twentytwentyfour\/assets\/images\/tourist-and-building.webp\" alt=\"Touriste prenant une photo d\u2019un b\u00e2timent.\" \/><\/figure>\r\n<\/div>\r\n<\/div>\r\n\r\n\r\n\r\n<div class=\"wp-block-spacer\" style=\"height: var(--wp--preset--spacing--40);\" aria-hidden=\"true\">\u00a0<\/div>\r\n\r\n\r\n\r\n<div class=\"wp-block-columns alignwide is-layout-flex wp-container-core-columns-is-layout-b1b80ead wp-block-columns-is-layout-flex\">\r\n<div class=\"wp-block-column is-layout-flow wp-block-column-is-layout-flow\" style=\"flex-basis: 50%;\">\r\n<figure class=\"wp-block-image size-large is-style-rounded\"><img decoding=\"async\" src=\"https:\/\/franckfitrzyk.com\/wp-content\/themes\/twentytwentyfour\/assets\/images\/windows.webp\" alt=\"Les fen\u00eatres d\u2019un b\u00e2timent \u00e0 Nuremberg, Allemagne.\" \/><\/figure>\r\n<\/div>\r\n\r\n\r\n\r\n<div class=\"wp-block-column is-vertically-aligned-center is-layout-flow wp-block-column-is-layout-flow\" style=\"flex-basis: 40%;\">\r\n<h3 class=\"wp-block-heading is-style-asterisk\">Newsletter \u00c9tudes<\/h3>\r\n\r\n\r\n\r\n<ul class=\"wp-block-list is-style-checkmark-list\" style=\"line-height: 1.75;\">\r\n<li>Un monde d\u2019articles stimulants.<\/li>\r\n\r\n\r\n\r\n<li>\u00c9tudes de cas qui c\u00e9l\u00e8brent l\u2019architecture.<\/li>\r\n\r\n\r\n\r\n<li>Acc\u00e8s exclusif aux connaissances en design.<\/li>\r\n<\/ul>\r\n<\/div>\r\n<\/div>\r\n<\/div><\/div>\r\n<\/div><\/div>\r\n\r\n\r\n\r\n<div class=\"wp-block-group alignfull has-base-color has-contrast-background-color has-text-color has-background\" style=\"margin-top: 0; margin-bottom: 0; padding: var(--wp--preset--spacing--60);\"><div class=\"wp-block-group__inner-container is-layout-constrained wp-container-core-group-is-layout-6b0914bc wp-block-group-is-layout-constrained\">\r\n<div class=\"wp-block-group\"><div class=\"wp-block-group__inner-container is-layout-constrained wp-block-group-is-layout-constrained\">\r\n<p class=\"has-text-align-center has-base-color has-text-color has-heading-font-family has-x-large-font-size\" style=\"line-height: 1.2;\"><em>\u00ab\u00a0\u00c9tudes nous a fait gagner des milliers d\u2019heures de travail et a r\u00e9v\u00e9l\u00e9 des perspectives auxquelles nous n\u2019aurions jamais pens\u00e9 possible.\u00a0\u00bb<\/em><\/p>\r\n\r\n\r\n\r\n<div class=\"wp-block-spacer\" style=\"height: var(--wp--preset--spacing--10);\" aria-hidden=\"true\">\u00a0<\/div>\r\n\r\n\r\n\r\n<div class=\"wp-block-group is-vertical is-content-justification-center is-nowrap is-layout-flex wp-container-core-group-is-layout-a9ff9874 wp-block-group-is-layout-flex\">\r\n\r\n\r\n<p class=\"has-text-align-center\" style=\"margin-top: var(--wp--preset--spacing--10); margin-bottom: 0;\">Annie Steiner<\/p>\r\n\r\n\r\n\r\n<p class=\"has-text-align-center has-contrast-3-color has-text-color has-small-font-size\" style=\"font-style: normal; font-weight: 300;\">PDG, Greenprint<\/p>\r\n<\/div>\r\n<\/div><\/div>\r\n<\/div><\/div>\r\n\r\n\r\n\r\n<div class=\"wp-block-group alignfull\" style=\"margin-top: 0; margin-bottom: 0; padding: var(--wp--preset--spacing--50);\"><div class=\"wp-block-group__inner-container is-layout-constrained wp-container-core-group-is-layout-9cf8f26d wp-block-group-is-layout-constrained\">\r\n<h2 class=\"wp-block-heading alignwide has-x-large-font-size\" style=\"margin-top: 0; margin-bottom: var(--wp--preset--spacing--40); line-height: 1;\">Regardez, lisez, \u00e9coutez<\/h2>\r\n\r\n\r\n\r\n<div class=\"wp-block-group alignwide\"><div class=\"wp-block-group__inner-container is-layout-constrained wp-block-group-is-layout-constrained\">\r\n<div class=\"wp-block-query alignwide is-layout-flow wp-block-query-is-layout-flow\">\r\n\r\n\r\n<div class=\"wp-block-spacer\" style=\"height: var(--wp--preset--spacing--30);\" aria-hidden=\"true\">\u00a0<\/div>\r\n\r\n\r\n\r\n\r\n<div class=\"wp-block-query-no-results\">\r\n\r\n\r\n<p>Aucune publication n\u2019a \u00e9t\u00e9 trouv\u00e9e.<\/p>\r\n<\/div><\/div>\r\n<\/div><\/div>\r\n<\/div><\/div>\r\n\r\n\r\n\r\n<div class=\"wp-block-group alignfull\" style=\"margin-top: 0; margin-bottom: 0; padding: var(--wp--preset--spacing--50);\"><div class=\"wp-block-group__inner-container is-layout-constrained wp-container-core-group-is-layout-9cf8f26d wp-block-group-is-layout-constrained\">\r\n<div class=\"wp-block-group alignwide has-base-2-background-color has-background\" style=\"border-radius: 16px; padding: var(--wp--preset--spacing--40) var(--wp--preset--spacing--50) var(--wp--preset--spacing--40) var(--wp--preset--spacing--50);\"><div class=\"wp-block-group__inner-container is-layout-constrained wp-container-core-group-is-layout-282d97d7 wp-block-group-is-layout-constrained\">\r\n<div class=\"wp-block-spacer\" style=\"height: var(--wp--preset--spacing--10);\" aria-hidden=\"true\">\u00a0<\/div>\r\n\r\n\r\n\r\n<h2 class=\"wp-block-heading has-text-align-center has-x-large-font-size\">Rejoignez plus de 900 abonn\u00e9s\/abonn\u00e9es<\/h2>\r\n\r\n\r\n\r\n<p class=\"has-text-align-center\">Restez au courant de tout ce que vous devez savoir.<\/p>\r\n\r\n\r\n\r\n<div class=\"wp-block-buttons is-content-justification-center is-layout-flex wp-container-core-buttons-is-layout-16018d1d wp-block-buttons-is-layout-flex\">\r\n<div class=\"wp-block-button\"><a class=\"wp-block-button__link wp-element-button\">S\u2019inscrire<\/a><\/div>\r\n<\/div>\r\n\r\n\r\n\r\n<div class=\"wp-block-spacer\" style=\"height: var(--wp--preset--spacing--10);\" aria-hidden=\"true\">\u00a0<\/div>\r\n<\/div><\/div>\r\n<\/div><\/div>\r\n<\/div><\/div>\r\n\r\n\r\n\r\n<p>&nbsp;<\/p>\r\n<\/div><\/div>","protected":false},"excerpt":{"rendered":"<p>Un engagement en faveur de l\u2019innovation et de la durabilit\u00e9 \u00c9tudes est un cabinet pionnier qui fusionne harmonieusement la cr\u00e9ativit\u00e9 et la fonctionnalit\u00e9 pour red\u00e9finir l\u2019excellence architecturale. Une passion pour la cr\u00e9ation d\u2019espaces Notre gamme compl\u00e8te de services professionnels s\u2019adresse \u00e0 une client\u00e8le diversifi\u00e9e, allant des propri\u00e9taires aux promotrices ou promoteurs commerciaux. R\u00e9novation et restauration &#8230; <a title=\"tyty\" class=\"read-more\" href=\"https:\/\/franckfitrzyk.com\/index.php\/consulting\/\" aria-label=\"Read more about tyty\">Read more<\/a><\/p>\n","protected":false},"author":1,"featured_media":0,"parent":0,"menu_order":0,"comment_status":"closed","ping_status":"closed","template":"","meta":{"footnotes":""},"class_list":["post-592","page","type-page","status-publish"],"_links":{"self":[{"href":"https:\/\/franckfitrzyk.com\/index.php\/wp-json\/wp\/v2\/pages\/592","targetHints":{"allow":["GET"]}}],"collection":[{"href":"https:\/\/franckfitrzyk.com\/index.php\/wp-json\/wp\/v2\/pages"}],"about":[{"href":"https:\/\/franckfitrzyk.com\/index.php\/wp-json\/wp\/v2\/types\/page"}],"author":[{"embeddable":true,"href":"https:\/\/franckfitrzyk.com\/index.php\/wp-json\/wp\/v2\/users\/1"}],"replies":[{"embeddable":true,"href":"https:\/\/franckfitrzyk.com\/index.php\/wp-json\/wp\/v2\/comments?post=592"}],"version-history":[{"count":55,"href":"https:\/\/franckfitrzyk.com\/index.php\/wp-json\/wp\/v2\/pages\/592\/revisions"}],"predecessor-version":[{"id":875,"href":"https:\/\/franckfitrzyk.com\/index.php\/wp-json\/wp\/v2\/pages\/592\/revisions\/875"}],"wp:attachment":[{"href":"https:\/\/franckfitrzyk.com\/index.php\/wp-json\/wp\/v2\/media?parent=592"}],"curies":[{"name":"wp","href":"https:\/\/api.w.org\/{rel}","templated":true}]}}